{"id":1697,"date":"2018-05-31T08:58:57","date_gmt":"2018-05-31T08:58:57","guid":{"rendered":"http:\/\/luckyloser.es\/?page_id=1697"},"modified":"2018-05-31T09:24:36","modified_gmt":"2018-05-31T09:24:36","slug":"terminos-y-condiciones-generales-de-uso","status":"publish","type":"page","link":"https:\/\/luckyloser.es\/en\/informacion\/terminos-y-condiciones-generales-de-uso\/","title":{"rendered":"T\u00e9rminos y condiciones generales de uso"},"content":{"rendered":"<p>1. OBJETO DE LAS CONDICIONES Y ACCESO<\/p>\n<p>El objeto de las presentes Condiciones Generales de Uso (en adelante Condiciones) es regular el acceso y la utilizaci\u00f3n del Sitio Web. A los efectos de las presentes Condiciones se entender\u00e1 como Sitio Web la apariencia externa de los interfaces de pantalla, tanto de forma est\u00e1tica como de forma din\u00e1mica, es decir, el \u00e1rbol de navegaci\u00f3n; y todos los elementos integrados tanto en los interfaces de pantalla como en el \u00e1rbol de navegaci\u00f3n (en adelante Contenidos) y todos aquellos servicios o recursos en l\u00ednea que en su caso ofrezca a los Usuarios (en adelante Servicios).<\/p>\n<p>Lucky Loser SL se reserva la facultad de modificar, en cualquier momento, y sin aviso previo, la presentaci\u00f3n y configuraci\u00f3n del Sitio Web y de los Contenidos y Servicios que en \u00e9l pudieran estar incorporados. El Usuario reconoce y acepta que en cualquier momento Lucky Loser SL pueda interrumpir, desactivar y\/o cancelar cualquiera de estos elementos que se integran en el Sitio Web o el acceso a los mismos. Asimismo, no se garantiza la continuidad, disponibilidad y utilidad del Sitio Web, ni de los Contenidos o Lucky Loser SL har\u00e1 todo lo posible por el buen funcionamiento del Sitio Web, sin embargo, no se responsabiliza ni garantiza que el acceso a este Sitio Web vaya a ser ininterrumpido o que est\u00e9 libre de error. Lucky Loser SL tampoco se hace responsable de los da\u00f1os que pudiesen ocasionarse a los usuarios por un uso inadecuado de este Sitio Web. En particular, no se hace responsable en modo alguno de las ca\u00eddas, interrupciones, falta o defecto de las telecomunicaciones que pudieran ocurrir.<\/p>\n<p>El acceso al Sitio Web por el Usuario tiene car\u00e1cter libre y por regla general, es gratuito sin que el Usuario tenga que proporcionar contraprestaci\u00f3n alguna para poder disfrutar de ello, excepto en lo relativo al coste de conexi\u00f3n a trav\u00e9s de la red de telecomunicaciones suministrada por el proveedor de acceso que hubiere contratado el Usuario.<\/p>\n<p>El acceso al sitio web http:\/\/luckyloser.es\/es\/, propiedad de Lucky Loser SL y el uso de los servicios que en este sitio web se ofrecen, implica la aceptaci\u00f3n de estos t\u00e9rminos y condiciones generales de uso. Asimismo, la utilizaci\u00f3n de los servicios ofrecidos en esta p\u00e1gina para la compra de productos implica la aceptaci\u00f3n de las condiciones generales de venta.<\/p>\n<p>2. USUARIOS<br \/>\nEl acceso, la navegaci\u00f3n y uso del Sitio Web confiere la condici\u00f3n de Usuario, por lo que se aceptan, desde que se inicia la navegaci\u00f3n por el Sitio Web, todas las Condiciones aqu\u00ed establecidas, as\u00ed como sus ulteriores modificaciones, sin perjuicio de la aplicaci\u00f3n de la correspondiente normativa legal de obligado cumplimiento seg\u00fan el caso. Dada la relevancia de lo anterior, se recomienda al Usuario leerlas cada vez que visite el Sitio Web.<\/p>\n<p>El Usuario asume su responsabilidad para realizar un uso correcto del Sitio Web. Esta responsabilidad se extender\u00e1 a:<\/p>\n<p>&#8211; Un uso de la informaci\u00f3n, Contenidos y\/o Servicios y datos ofrecidos por Lucky Loser SL , sin que sea contrario a lo dispuesto por las presentes Condiciones, la Ley, la moral o el orden p\u00fablico, o que de cualquier otro modo puedan suponer lesi\u00f3n de los derechos de terceros o del mismo funcionamiento del Sitio Web.<\/p>\n<p>&#8211; La veracidad y licitud de las informaciones aportadas por el Usuario en los formularios extendidos por Lucky Loser SL para el acceso a ciertos Contenidos o Servicios ofrecidos por el Sitio Web. En todo caso, el Usuario notificar\u00e1 de forma inmediata a Lucky Loser SL acerca de cualquier hecho que permita el uso indebido de la informaci\u00f3n registrada en dichos formularios, tales como el robo, extrav\u00edo, o el acceso no autorizado a identificadores y\/o contrase\u00f1as, con el fin de proceder a su inmediata cancelaci\u00f3n.<\/p>\n<p>El mero acceso a este Sitio Web no supone entablar ning\u00fan tipo de relaci\u00f3n de car\u00e1cter comercial entre Lucky Loser SL y el Usuario.<\/p>\n<p>El Sitio Web est\u00e1 dirigido principalmente a Usuarios residentes en Espa\u00f1a. Lucky Loser SL no asegura que el Sitio Web cumpla con legislaciones de otros pa\u00edses, ya sea total o parcialmente. Si el Usuario reside o tiene su domiciliado en otro lugar y decide acceder y\/o navegar en el Sitio Web lo har\u00e1 bajo su propia responsabilidad, deber\u00e1 asegurarse de que tal acceso y navegaci\u00f3n cumple con la legislaci\u00f3n local que le es aplicable, no asumiendo Lucky Loser SL responsabilidad alguna que se pueda derivar de dicho acceso.<\/p>\n<p>3. POL\u00cdTICA DE ENLACES<br \/>\nSe informa que el Sitio Web pone o puede poner a disposici\u00f3n de los Usuarios medios de enlace (como, entre otros, links, banners, botones), directorios y motores de b\u00fasqueda que permiten a los Usuarios acceder a sitios web pertenecientes y\/o gestionados por terceros.<\/p>\n<p>La instalaci\u00f3n de estos enlaces, directorios y motores de b\u00fasqueda en el Sitio Web tiene por objeto facilitar a los Usuarios la b\u00fasqueda de y acceso a la informaci\u00f3n disponible en Internet, sin que pueda considerarse una sugerencia, recomendaci\u00f3n o invitaci\u00f3n para la visita de los mismos.<\/p>\n<p>Asimismo, tampoco garantizar\u00e1 la disponibilidad t\u00e9cnica, exactitud, veracidad, validez o legalidad de sitios ajenos a su propiedad a los que se pueda acceder por medio de los enlaces.<\/p>\n<p>Lucky Loser SL en ning\u00fan caso revisar\u00e1 o controlar\u00e1 el contenido de otros sitios web, as\u00ed como tampoco aprueba, examina ni hace propios los productos y servicios, contenidos, archivos y cualquier otro material existente en los referidos sitios enlazados. Lucky Loser SL no asume ninguna responsabilidad por los da\u00f1os y perjuicios que pudieran producirse por el acceso, uso, calidad o licitud de los contenidos, comunicaciones, opiniones, productos y servicios de los sitios web no gestionados por Lucky Loser SL y que sean enlazados en este Sitio web.<\/p>\n<p>4. PROPIEDAD INTELECTUAL<br \/>\nLos derechos de propiedad intelectual e industrial derivados de todos los textos, im\u00e1genes, as\u00ed como de los medios y formas de presentaci\u00f3n y montaje de su sitio web pertenecen, por s\u00ed o como cesionaria, a Lucky Loser SL . Ser\u00e1n, por consiguiente, obras protegidas como propiedad intelectual por el ordenamiento jur\u00eddico espa\u00f1ol, si\u00e9ndoles aplicables tanto la normativa espa\u00f1ola y comunitaria en este campo, como los tratados internacionales relativos a la materia y suscritos por Espa\u00f1a. Todos los derechos reservados. En cumplimiento de la Ley de la Propiedad Intelectual se proh\u00edbe expresamente la reproducci\u00f3n, distribuci\u00f3n, comunicaci\u00f3n p\u00fablica y utilizaci\u00f3n, de la totalidad o parte de los contenidos de su sitio web sin el consentimiento expreso de Lucky Loser SL .<\/p>\n<p>En caso de que el Usuario o tercero considere que cualquiera de los Contenidos del Sitio Web suponga una violaci\u00f3n de los derechos de protecci\u00f3n de la propiedad intelectual, deber\u00e1 comunic\u00e1rnoslo inmediatamente a trav\u00e9s de correo electr\u00f3nico\/ contacto.<\/p>\n\n<div class=\"twitter-share\"><a href=\"https:\/\/twitter.com\/intent\/tweet?via=_lucky_loser_\" class=\"twitter-share-button\" data-size=\"large\">Tweet<\/a><\/div>\n","protected":false},"excerpt":{"rendered":"<p>1. OBJETO DE LAS CONDICIONES Y ACCESO El objeto de las presentes Condiciones Generales de Uso (en adelante Condiciones) es regular el acceso y la utilizaci\u00f3n del Sitio Web. A los efectos de las presentes Condiciones se entender\u00e1 como Sitio<\/p>\n","protected":false},"author":2,"featured_media":0,"parent":1688,"menu_order":1,"comment_status":"closed","ping_status":"closed","template":"","meta":{"footnotes":""},"class_list":["post-1697","page","type-page","status-publish","hentry"],"yoast_head":"<!-- This site is optimized with the Yoast SEO plugin v27.2 - https:\/\/yoast.com\/product\/yoast-seo-wordpress\/ -->\n<title>T\u00e9rminos y condiciones generales de uso<\/title>\n<meta name=\"robots\" content=\"index, follow, max-snippet:-1, max-image-preview:large, max-video-preview:-1\" \/>\n<link rel=\"canonical\" href=\"https:\/\/luckyloser.es\/en\/informacion\/terminos-y-condiciones-generales-de-uso\/\" \/>\n<meta property=\"og:locale\" content=\"en_GB\" \/>\n<meta property=\"og:locale:alternate\" content=\"es_ES\" \/>\n<meta property=\"og:type\" content=\"article\" \/>\n<meta property=\"og:title\" content=\"T\u00e9rminos y condiciones generales de uso\" \/>\n<meta property=\"og:description\" content=\"1. OBJETO DE LAS CONDICIONES Y ACCESO El objeto de las presentes Condiciones Generales de Uso (en adelante Condiciones) es regular el acceso y la utilizaci\u00f3n del Sitio Web. A los efectos de las presentes Condiciones se entender\u00e1 como Sitio\" \/>\n<meta property=\"og:url\" content=\"https:\/\/luckyloser.es\/en\/informacion\/terminos-y-condiciones-generales-de-uso\/\" \/>\n<meta property=\"og:site_name\" content=\"Lucky Loser\" \/>\n<meta property=\"article:modified_time\" content=\"2018-05-31T09:24:36+00:00\" \/>\n<meta name=\"twitter:card\" content=\"summary_large_image\" \/>\n<meta name=\"twitter:label1\" content=\"Estimated reading time\" \/>\n\t<meta name=\"twitter:data1\" content=\"6 minutes\" \/>\n<script type=\"application\/ld+json\" class=\"yoast-schema-graph\">{\"@context\":\"https:\/\/schema.org\",\"@graph\":[{\"@type\":\"WebPage\",\"@id\":\"https:\/\/luckyloser.es\/en\/informacion\/terminos-y-condiciones-generales-de-uso\/\",\"url\":\"https:\/\/luckyloser.es\/en\/informacion\/terminos-y-condiciones-generales-de-uso\/\",\"name\":\"T\u00e9rminos y condiciones generales de uso\",\"isPartOf\":{\"@id\":\"https:\/\/luckyloser.es\/#website\"},\"datePublished\":\"2018-05-31T08:58:57+00:00\",\"dateModified\":\"2018-05-31T09:24:36+00:00\",\"breadcrumb\":{\"@id\":\"https:\/\/luckyloser.es\/en\/informacion\/terminos-y-condiciones-generales-de-uso\/#breadcrumb\"},\"inLanguage\":\"en-GB\",\"potentialAction\":[{\"@type\":\"ReadAction\",\"target\":[\"https:\/\/luckyloser.es\/en\/informacion\/terminos-y-condiciones-generales-de-uso\/\"]}]},{\"@type\":\"BreadcrumbList\",\"@id\":\"https:\/\/luckyloser.es\/en\/informacion\/terminos-y-condiciones-generales-de-uso\/#breadcrumb\",\"itemListElement\":[{\"@type\":\"ListItem\",\"position\":1,\"name\":\"Portada\",\"item\":\"https:\/\/luckyloser.es\/\"},{\"@type\":\"ListItem\",\"position\":2,\"name\":\"INFORMACION\",\"item\":\"https:\/\/luckyloser.es\/informacion\/\"},{\"@type\":\"ListItem\",\"position\":3,\"name\":\"T\u00e9rminos y condiciones generales de uso\"}]},{\"@type\":\"WebSite\",\"@id\":\"https:\/\/luckyloser.es\/#website\",\"url\":\"https:\/\/luckyloser.es\/\",\"name\":\"Lucky Loser\",\"description\":\"Lucky Loser\",\"potentialAction\":[{\"@type\":\"SearchAction\",\"target\":{\"@type\":\"EntryPoint\",\"urlTemplate\":\"https:\/\/luckyloser.es\/?s={search_term_string}\"},\"query-input\":{\"@type\":\"PropertyValueSpecification\",\"valueRequired\":true,\"valueName\":\"search_term_string\"}}],\"inLanguage\":\"en-GB\"}]}<\/script>\n<!-- \/ Yoast SEO plugin. -->","yoast_head_json":{"title":"T\u00e9rminos y condiciones generales de uso","robots":{"index":"index","follow":"follow","max-snippet":"max-snippet:-1","max-image-preview":"max-image-preview:large","max-video-preview":"max-video-preview:-1"},"canonical":"https:\/\/luckyloser.es\/en\/informacion\/terminos-y-condiciones-generales-de-uso\/","og_locale":"en_GB","og_type":"article","og_title":"[:es]T\u00e9rminos y condiciones generales de uso [:] - Lucky Loser","og_description":"1. OBJETO DE LAS CONDICIONES Y ACCESO El objeto de las presentes Condiciones Generales de Uso (en adelante Condiciones) es regular el acceso y la utilizaci\u00f3n del Sitio Web. A los efectos de las presentes Condiciones se entender\u00e1 como Sitio","og_url":"https:\/\/luckyloser.es\/en\/informacion\/terminos-y-condiciones-generales-de-uso\/","og_site_name":"Lucky Loser","article_modified_time":"2018-05-31T09:24:36+00:00","twitter_card":"summary_large_image","twitter_misc":{"Estimated reading time":"6 minutes"},"schema":{"@context":"https:\/\/schema.org","@graph":[{"@type":"WebPage","@id":"https:\/\/luckyloser.es\/en\/informacion\/terminos-y-condiciones-generales-de-uso\/","url":"https:\/\/luckyloser.es\/en\/informacion\/terminos-y-condiciones-generales-de-uso\/","name":"T\u00e9rminos y condiciones generales de uso","isPartOf":{"@id":"https:\/\/luckyloser.es\/#website"},"datePublished":"2018-05-31T08:58:57+00:00","dateModified":"2018-05-31T09:24:36+00:00","breadcrumb":{"@id":"https:\/\/luckyloser.es\/en\/informacion\/terminos-y-condiciones-generales-de-uso\/#breadcrumb"},"inLanguage":"en-GB","potentialAction":[{"@type":"ReadAction","target":["https:\/\/luckyloser.es\/en\/informacion\/terminos-y-condiciones-generales-de-uso\/"]}]},{"@type":"BreadcrumbList","@id":"https:\/\/luckyloser.es\/en\/informacion\/terminos-y-condiciones-generales-de-uso\/#breadcrumb","itemListElement":[{"@type":"ListItem","position":1,"name":"Portada","item":"https:\/\/luckyloser.es\/"},{"@type":"ListItem","position":2,"name":"INFORMACION","item":"https:\/\/luckyloser.es\/informacion\/"},{"@type":"ListItem","position":3,"name":"T\u00e9rminos y condiciones generales de uso"}]},{"@type":"WebSite","@id":"https:\/\/luckyloser.es\/#website","url":"https:\/\/luckyloser.es\/","name":"Lucky Loser","description":"Lucky Loser","potentialAction":[{"@type":"SearchAction","target":{"@type":"EntryPoint","urlTemplate":"https:\/\/luckyloser.es\/?s={search_term_string}"},"query-input":{"@type":"PropertyValueSpecification","valueRequired":true,"valueName":"search_term_string"}}],"inLanguage":"en-GB"}]}},"_links":{"self":[{"href":"https:\/\/luckyloser.es\/en\/wp-json\/wp\/v2\/pages\/1697","targetHints":{"allow":["GET"]}}],"collection":[{"href":"https:\/\/luckyloser.es\/en\/wp-json\/wp\/v2\/pages"}],"about":[{"href":"https:\/\/luckyloser.es\/en\/wp-json\/wp\/v2\/types\/page"}],"author":[{"embeddable":true,"href":"https:\/\/luckyloser.es\/en\/wp-json\/wp\/v2\/users\/2"}],"replies":[{"embeddable":true,"href":"https:\/\/luckyloser.es\/en\/wp-json\/wp\/v2\/comments?post=1697"}],"version-history":[{"count":5,"href":"https:\/\/luckyloser.es\/en\/wp-json\/wp\/v2\/pages\/1697\/revisions"}],"predecessor-version":[{"id":1718,"href":"https:\/\/luckyloser.es\/en\/wp-json\/wp\/v2\/pages\/1697\/revisions\/1718"}],"up":[{"embeddable":true,"href":"https:\/\/luckyloser.es\/en\/wp-json\/wp\/v2\/pages\/1688"}],"wp:attachment":[{"href":"https:\/\/luckyloser.es\/en\/wp-json\/wp\/v2\/media?parent=1697"}],"curies":[{"name":"wp","href":"https:\/\/api.w.org\/{rel}","templated":true}]}}