{"id":1692,"date":"2018-05-31T08:56:13","date_gmt":"2018-05-31T08:56:13","guid":{"rendered":"http:\/\/luckyloser.es\/?page_id=1692"},"modified":"2018-05-31T09:18:09","modified_gmt":"2018-05-31T09:18:09","slug":"english-aviso-legal-y-politica-de-privacidad","status":"publish","type":"page","link":"https:\/\/luckyloser.es\/en\/informacion\/english-aviso-legal-y-politica-de-privacidad\/","title":{"rendered":"Aviso legal y pol\u00edtica de privacidad"},"content":{"rendered":"<div class=\"gmail_default\"><\/div>\n<div class=\"gmail_default\">\n<div class=\"gmail_default\">1. AVISO LEGAL<\/div>\n<div class=\"gmail_default\">En cumplimiento con el deber de informaci\u00f3n dispuesto en la Ley 34\/2002 de Servicios de la Sociedad de la Informaci\u00f3n y el Comercio Ekectr\u00f3nico (LSSI-CE), se facilitan a continuaci\u00f3n los siguientes datos de informaci\u00f3n acerca del propietario de este sitio web:<\/div>\n<div class=\"gmail_default\">.<\/div>\n<div class=\"gmail_default\">Nombre: Lucky Loser SL<\/div>\n<div class=\"gmail_default\">Direcci\u00f3n: c\/ Eros 7 portal A 2\u00baB Madrid, Espa\u00f1a<\/div>\n<div class=\"gmail_default\">CIF: B7699724<\/div>\n<div class=\"gmail_default\">E-mail de contacto: luckylosergames@gmail.com<\/div>\n<div class=\"gmail_default\">.<\/div>\n<div class=\"gmail_default\">El acceso al sitio web http:\/\/luckyloser.es\/es\/, propiedad de Lucky loser SL y el uso de los servicios que en este sitio web se ofrecen, implica la aceptaci\u00f3n de los t\u00e9rminos y condiciones de uso. Asimismo, la utilizaci\u00f3n de los servicios ofrecidos en esta p\u00e1gina para la compra de productos implica la aceptaci\u00f3n de las\u00a0condiciones generales de venta y de uso<i>.<\/i><\/div>\n<div class=\"gmail_default\">Las condiciones Generales de Contrataci\u00f3n regulan la relaci\u00f3n de venta a distancia entre Lucky Loser SL y el usuario o cliente, de acuerdo con las estipulaciones legales, en especial, la Ley 7\/1998, de 13 de abril, sobre Condiciones Generales de Contrataci\u00f3n, la Ley 3\/2014, de 27 de marzo por la que se modifica el texto refundido de la Ley General para la Defensa de los consumidores y Usuarios, la Ley Org\u00e1nica 15\/1999, de 13 de diciembre, de Protecci\u00f3n de Datos de Car\u00e1cter Personal, la Ley 7\/1996, de 15 de enero de Ordenaci\u00f3n del Comercio Minorista, y a la Ley 34\/2002 de 11 de julio, de Servicios de la Sociedad de la Informaci\u00f3n y de Comercio Electr\u00f3nico.<\/div>\n<div class=\"gmail_default\"><i>\u00a0<\/i><\/div>\n<div class=\"gmail_default\">\n<div class=\"gmail_default\">2. POL\u00cdTICA DE PRIVACIDAD<\/div>\n<div class=\"gmail_default\">En cumplimiento de lo dispuesto en la Ley Org\u00e1nica 15\/1999, de 13 de Diciembre, de Protecci\u00f3n de Datos de Car\u00e1cter Personal (LOPD) se informa al usuario que todos los datos que nos proporcione ser\u00e1n incorporados a un fichero, creado y mantenido bajo la responsabilidad de Lucky loser SL.<\/div>\n<div class=\"gmail_default\"><\/div>\n<div class=\"gmail_default\">La confidencialidad de sus datos personales garantiza que s\u00f3lo ser\u00e1n utilizados con la finalidad de gestionar los servicios ofrecidos, atender a las solicitudes que nos plantee, realizar tareas administrativas, as\u00ed como remitir informaci\u00f3n t\u00e9cnica, comercial o publicitaria por v\u00eda ordinaria o electr\u00f3nica.<\/div>\n<div class=\"gmail_default\"><\/div>\n<div class=\"gmail_default\">Para ejercer sus derechos de oposici\u00f3n, rectificaci\u00f3n o cancelaci\u00f3n deber\u00e1 escribir o dirigirse a la sede de la empresa o escribirnos un correo electr\u00f3nico a luckylosergames@gmail.com<\/div>\n<div>\n<hr \/>\n<\/div>\n<\/div>\n<\/div>\n\n<div class=\"twitter-share\"><a href=\"https:\/\/twitter.com\/intent\/tweet?via=_lucky_loser_\" class=\"twitter-share-button\" data-size=\"large\">Tweet<\/a><\/div>\n","protected":false},"excerpt":{"rendered":"<p>1. AVISO LEGAL En cumplimiento con el deber de informaci\u00f3n dispuesto en la Ley 34\/2002 de Servicios de la Sociedad de la Informaci\u00f3n y el Comercio Ekectr\u00f3nico (LSSI-CE), se facilitan a continuaci\u00f3n los siguientes datos de informaci\u00f3n acerca del propietario<\/p>\n","protected":false},"author":2,"featured_media":0,"parent":1688,"menu_order":0,"comment_status":"closed","ping_status":"closed","template":"","meta":{"footnotes":""},"class_list":["post-1692","page","type-page","status-publish","hentry"],"yoast_head":"<!-- This site is optimized with the Yoast SEO plugin v27.2 - https:\/\/yoast.com\/product\/yoast-seo-wordpress\/ -->\n<title>Aviso legal y pol\u00edtica de privacidad - Lucky Loser<\/title>\n<meta name=\"robots\" content=\"index, follow, max-snippet:-1, max-image-preview:large, max-video-preview:-1\" \/>\n<link rel=\"canonical\" href=\"https:\/\/luckyloser.es\/en\/informacion\/english-aviso-legal-y-politica-de-privacidad\/\" \/>\n<meta property=\"og:locale\" content=\"en_GB\" \/>\n<meta property=\"og:locale:alternate\" content=\"es_ES\" \/>\n<meta property=\"og:type\" content=\"article\" \/>\n<meta property=\"og:title\" content=\"Aviso legal y pol\u00edtica de privacidad - Lucky Loser\" \/>\n<meta property=\"og:description\" content=\"1. AVISO LEGAL En cumplimiento con el deber de informaci\u00f3n dispuesto en la Ley 34\/2002 de Servicios de la Sociedad de la Informaci\u00f3n y el Comercio Ekectr\u00f3nico (LSSI-CE), se facilitan a continuaci\u00f3n los siguientes datos de informaci\u00f3n acerca del propietario\" \/>\n<meta property=\"og:url\" content=\"https:\/\/luckyloser.es\/en\/informacion\/english-aviso-legal-y-politica-de-privacidad\/\" \/>\n<meta property=\"og:site_name\" content=\"Lucky Loser\" \/>\n<meta property=\"article:modified_time\" content=\"2018-05-31T09:18:09+00:00\" \/>\n<meta name=\"twitter:card\" content=\"summary_large_image\" \/>\n<meta name=\"twitter:label1\" content=\"Estimated reading time\" \/>\n\t<meta name=\"twitter:data1\" content=\"2 minutes\" \/>\n<script type=\"application\/ld+json\" class=\"yoast-schema-graph\">{\"@context\":\"https:\/\/schema.org\",\"@graph\":[{\"@type\":\"WebPage\",\"@id\":\"https:\/\/luckyloser.es\/informacion\/english-aviso-legal-y-politica-de-privacidad\/\",\"url\":\"https:\/\/luckyloser.es\/informacion\/english-aviso-legal-y-politica-de-privacidad\/\",\"name\":\"Aviso legal y pol\u00edtica de privacidad - Lucky Loser\",\"isPartOf\":{\"@id\":\"https:\/\/luckyloser.es\/#website\"},\"datePublished\":\"2018-05-31T08:56:13+00:00\",\"dateModified\":\"2018-05-31T09:18:09+00:00\",\"breadcrumb\":{\"@id\":\"https:\/\/luckyloser.es\/informacion\/english-aviso-legal-y-politica-de-privacidad\/#breadcrumb\"},\"inLanguage\":\"en-GB\",\"potentialAction\":[{\"@type\":\"ReadAction\",\"target\":[\"https:\/\/luckyloser.es\/informacion\/english-aviso-legal-y-politica-de-privacidad\/\"]}]},{\"@type\":\"BreadcrumbList\",\"@id\":\"https:\/\/luckyloser.es\/informacion\/english-aviso-legal-y-politica-de-privacidad\/#breadcrumb\",\"itemListElement\":[{\"@type\":\"ListItem\",\"position\":1,\"name\":\"Portada\",\"item\":\"https:\/\/luckyloser.es\/\"},{\"@type\":\"ListItem\",\"position\":2,\"name\":\"INFORMACION\",\"item\":\"https:\/\/luckyloser.es\/informacion\/\"},{\"@type\":\"ListItem\",\"position\":3,\"name\":\"Aviso legal y pol\u00edtica de privacidad\"}]},{\"@type\":\"WebSite\",\"@id\":\"https:\/\/luckyloser.es\/#website\",\"url\":\"https:\/\/luckyloser.es\/\",\"name\":\"Lucky Loser\",\"description\":\"Lucky Loser\",\"potentialAction\":[{\"@type\":\"SearchAction\",\"target\":{\"@type\":\"EntryPoint\",\"urlTemplate\":\"https:\/\/luckyloser.es\/?s={search_term_string}\"},\"query-input\":{\"@type\":\"PropertyValueSpecification\",\"valueRequired\":true,\"valueName\":\"search_term_string\"}}],\"inLanguage\":\"en-GB\"}]}<\/script>\n<!-- \/ Yoast SEO plugin. -->","yoast_head_json":{"title":"Aviso legal y pol\u00edtica de privacidad - Lucky Loser","robots":{"index":"index","follow":"follow","max-snippet":"max-snippet:-1","max-image-preview":"max-image-preview:large","max-video-preview":"max-video-preview:-1"},"canonical":"https:\/\/luckyloser.es\/en\/informacion\/english-aviso-legal-y-politica-de-privacidad\/","og_locale":"en_GB","og_type":"article","og_title":"Aviso legal y pol\u00edtica de privacidad - Lucky Loser","og_description":"1. AVISO LEGAL En cumplimiento con el deber de informaci\u00f3n dispuesto en la Ley 34\/2002 de Servicios de la Sociedad de la Informaci\u00f3n y el Comercio Ekectr\u00f3nico (LSSI-CE), se facilitan a continuaci\u00f3n los siguientes datos de informaci\u00f3n acerca del propietario","og_url":"https:\/\/luckyloser.es\/en\/informacion\/english-aviso-legal-y-politica-de-privacidad\/","og_site_name":"Lucky Loser","article_modified_time":"2018-05-31T09:18:09+00:00","twitter_card":"summary_large_image","twitter_misc":{"Estimated reading time":"2 minutes"},"schema":{"@context":"https:\/\/schema.org","@graph":[{"@type":"WebPage","@id":"https:\/\/luckyloser.es\/informacion\/english-aviso-legal-y-politica-de-privacidad\/","url":"https:\/\/luckyloser.es\/informacion\/english-aviso-legal-y-politica-de-privacidad\/","name":"Aviso legal y pol\u00edtica de privacidad - Lucky Loser","isPartOf":{"@id":"https:\/\/luckyloser.es\/#website"},"datePublished":"2018-05-31T08:56:13+00:00","dateModified":"2018-05-31T09:18:09+00:00","breadcrumb":{"@id":"https:\/\/luckyloser.es\/informacion\/english-aviso-legal-y-politica-de-privacidad\/#breadcrumb"},"inLanguage":"en-GB","potentialAction":[{"@type":"ReadAction","target":["https:\/\/luckyloser.es\/informacion\/english-aviso-legal-y-politica-de-privacidad\/"]}]},{"@type":"BreadcrumbList","@id":"https:\/\/luckyloser.es\/informacion\/english-aviso-legal-y-politica-de-privacidad\/#breadcrumb","itemListElement":[{"@type":"ListItem","position":1,"name":"Portada","item":"https:\/\/luckyloser.es\/"},{"@type":"ListItem","position":2,"name":"INFORMACION","item":"https:\/\/luckyloser.es\/informacion\/"},{"@type":"ListItem","position":3,"name":"Aviso legal y pol\u00edtica de privacidad"}]},{"@type":"WebSite","@id":"https:\/\/luckyloser.es\/#website","url":"https:\/\/luckyloser.es\/","name":"Lucky Loser","description":"Lucky Loser","potentialAction":[{"@type":"SearchAction","target":{"@type":"EntryPoint","urlTemplate":"https:\/\/luckyloser.es\/?s={search_term_string}"},"query-input":{"@type":"PropertyValueSpecification","valueRequired":true,"valueName":"search_term_string"}}],"inLanguage":"en-GB"}]}},"_links":{"self":[{"href":"https:\/\/luckyloser.es\/en\/wp-json\/wp\/v2\/pages\/1692","targetHints":{"allow":["GET"]}}],"collection":[{"href":"https:\/\/luckyloser.es\/en\/wp-json\/wp\/v2\/pages"}],"about":[{"href":"https:\/\/luckyloser.es\/en\/wp-json\/wp\/v2\/types\/page"}],"author":[{"embeddable":true,"href":"https:\/\/luckyloser.es\/en\/wp-json\/wp\/v2\/users\/2"}],"replies":[{"embeddable":true,"href":"https:\/\/luckyloser.es\/en\/wp-json\/wp\/v2\/comments?post=1692"}],"version-history":[{"count":8,"href":"https:\/\/luckyloser.es\/en\/wp-json\/wp\/v2\/pages\/1692\/revisions"}],"predecessor-version":[{"id":1715,"href":"https:\/\/luckyloser.es\/en\/wp-json\/wp\/v2\/pages\/1692\/revisions\/1715"}],"up":[{"embeddable":true,"href":"https:\/\/luckyloser.es\/en\/wp-json\/wp\/v2\/pages\/1688"}],"wp:attachment":[{"href":"https:\/\/luckyloser.es\/en\/wp-json\/wp\/v2\/media?parent=1692"}],"curies":[{"name":"wp","href":"https:\/\/api.w.org\/{rel}","templated":true}]}}